{"id":1353,"date":"2024-02-08T23:05:37","date_gmt":"2024-02-09T04:05:37","guid":{"rendered":"https:\/\/s6v.8e6.myftpupload.com\/pongase-en-contacto-con\/"},"modified":"2024-10-31T16:08:39","modified_gmt":"2024-10-31T16:08:39","slug":"pongase-en-contacto-con","status":"publish","type":"page","link":"https:\/\/adelantenc.org\/es\/pongase-en-contacto-con\/","title":{"rendered":"P\u00f3ngase en contacto con"},"content":{"rendered":"\t\t<div data-elementor-type=\"wp-page\" data-elementor-id=\"1353\" class=\"elementor elementor-1353 elementor-476\" data-elementor-post-type=\"page\">\n\t\t\t\t<div class=\"elementor-element elementor-element-73bfce14 e-flex e-con-boxed e-con e-parent\" data-id=\"73bfce14\" data-element_type=\"container\" data-e-type=\"container\" data-settings=\"{&quot;background_background&quot;:&quot;classic&quot;}\">\n\t\t\t\t\t<div class=\"e-con-inner\">\n\t\t\t\t<div class=\"elementor-element elementor-element-113e3044 animated-slow elementor-invisible elementor-widget elementor-widget-heading\" data-id=\"113e3044\" data-element_type=\"widget\" data-e-type=\"widget\" data-settings=\"{&quot;_animation&quot;:&quot;slideInUp&quot;}\" data-widget_type=\"heading.default\">\n\t\t\t\t\t<h3 class=\"elementor-heading-title elementor-size-default\">Nos encantar\u00eda saber de usted<\/h3>\t\t\t\t<\/div>\n\t\t\t\t<div class=\"elementor-element elementor-element-1d7643d0 animated-slow elementor-invisible elementor-widget elementor-widget-heading\" data-id=\"1d7643d0\" data-element_type=\"widget\" data-e-type=\"widget\" data-settings=\"{&quot;_animation&quot;:&quot;slideInUp&quot;}\" data-widget_type=\"heading.default\">\n\t\t\t\t\t<h2 class=\"elementor-heading-title elementor-size-default\">P\u00f3ngase en contacto con nosotros<\/h2>\t\t\t\t<\/div>\n\t\t<div class=\"elementor-element elementor-element-2ca28b03 e-con-full e-flex e-con e-child\" data-id=\"2ca28b03\" data-element_type=\"container\" data-e-type=\"container\">\n\t\t<div class=\"elementor-element elementor-element-31cbd8a0 e-con-full e-flex e-con e-child\" data-id=\"31cbd8a0\" data-element_type=\"container\" data-e-type=\"container\">\n\t\t\t\t<div class=\"elementor-element elementor-element-6aa4e468 elementor-tablet-button-align-start elementor-widget-tablet__width-inherit elementor-button-align-stretch elementor-widget elementor-widget-form\" data-id=\"6aa4e468\" data-element_type=\"widget\" data-e-type=\"widget\" data-settings=\"{&quot;button_width_tablet&quot;:&quot;100&quot;,&quot;step_next_label&quot;:&quot;Siguiente&quot;,&quot;step_previous_label&quot;:&quot;Anterior&quot;,&quot;button_width&quot;:&quot;100&quot;,&quot;step_type&quot;:&quot;number_text&quot;,&quot;step_icon_shape&quot;:&quot;circle&quot;}\" data-widget_type=\"form.default\">\n\t\t\t\t\t\t\t<form class=\"elementor-form\" method=\"post\" name=\"P\u00f3ngase en contacto con nosotros\" aria-label=\"P\u00f3ngase en contacto con nosotros\">\n\t\t\t<input type=\"hidden\" name=\"post_id\" value=\"1353\"\/>\n\t\t\t<input type=\"hidden\" name=\"form_id\" value=\"6aa4e468\"\/>\n\t\t\t<input type=\"hidden\" name=\"referer_title\" value=\"P\u00f3ngase en contacto con | Adelante Education Coalition\" \/>\n\n\t\t\t\t\t\t\t<input type=\"hidden\" name=\"queried_id\" value=\"1353\"\/>\n\t\t\t\n\t\t\t<div class=\"elementor-form-fields-wrapper elementor-labels-above\">\n\t\t\t\t\t\t\t\t<div class=\"elementor-field-type-step elementor-field-group elementor-column elementor-field-group-field_e4069d3 elementor-col-100\">\n\t\t\t\t\t\t\t<div class=\"e-field-step elementor-hidden\" data-label=\"\" data-previousButton=\"\" data-nextButton=\"\" data-iconUrl=\"\" data-iconLibrary=\"fas fa-star\" data-icon=\"&lt;svg class=&quot;e-font-icon-svg e-fas-star&quot; viewBox=&quot;0 0 576 512&quot; xmlns=&quot;http:\/\/www.w3.org\/2000\/svg&quot;&gt;&lt;path d=&quot;M259.3 17.8L194 150.2 47.9 171.5c-26.2 3.8-36.7 36.1-17.7 54.6l105.7 103-25 145.5c-4.5 26.3 23.2 46 46.4 33.7L288 439.6l130.7 68.7c23.2 12.2 50.9-7.4 46.4-33.7l-25-145.5 105.7-103c19-18.5 8.5-50.8-17.7-54.6L382 150.2 316.7 17.8c-11.7-23.6-45.6-23.9-57.4 0z&quot;&gt;&lt;\/path&gt;&lt;\/svg&gt;\" ><\/div>\n\n\t\t\t\t\t\t<\/div>\n\t\t\t\t\t\t\t\t<div class=\"elementor-field-type-text elementor-field-group elementor-column elementor-field-group-name elementor-col-50 elementor-md-50 elementor-field-required elementor-mark-required\">\n\t\t\t\t\t\t\t\t\t\t\t\t<label for=\"form-field-name\" class=\"elementor-field-label\">\n\t\t\t\t\t\t\t\tNombre\t\t\t\t\t\t\t<\/label>\n\t\t\t\t\t\t\t\t\t\t\t\t\t\t<input size=\"1\" type=\"text\" name=\"form_fields[name]\" id=\"form-field-name\" class=\"elementor-field elementor-size-md  elementor-field-textual\" required=\"required\">\n\t\t\t\t\t\t\t\t\t\t\t<\/div>\n\t\t\t\t\t\t\t\t<div class=\"elementor-field-type-text elementor-field-group elementor-column elementor-field-group-field_cab2eec elementor-col-50 elementor-md-50 elementor-field-required elementor-mark-required\">\n\t\t\t\t\t\t\t\t\t\t\t\t<label for=\"form-field-field_cab2eec\" class=\"elementor-field-label\">\n\t\t\t\t\t\t\t\tApellido\t\t\t\t\t\t\t<\/label>\n\t\t\t\t\t\t\t\t\t\t\t\t\t\t<input size=\"1\" type=\"text\" name=\"form_fields[field_cab2eec]\" id=\"form-field-field_cab2eec\" class=\"elementor-field elementor-size-md  elementor-field-textual\" required=\"required\">\n\t\t\t\t\t\t\t\t\t\t\t<\/div>\n\t\t\t\t\t\t\t\t<div class=\"elementor-field-type-email elementor-field-group elementor-column elementor-field-group-email elementor-col-100 elementor-md-60 elementor-field-required elementor-mark-required\">\n\t\t\t\t\t\t\t\t\t\t\t\t<label for=\"form-field-email\" class=\"elementor-field-label\">\n\t\t\t\t\t\t\t\tCorreo electr\u00f3nico\t\t\t\t\t\t\t<\/label>\n\t\t\t\t\t\t\t\t\t\t\t\t\t\t<input size=\"1\" type=\"email\" name=\"form_fields[email]\" id=\"form-field-email\" class=\"elementor-field elementor-size-md  elementor-field-textual\" required=\"required\">\n\t\t\t\t\t\t\t\t\t\t\t<\/div>\n\t\t\t\t\t\t\t\t<div class=\"elementor-field-type-tel elementor-field-group elementor-column elementor-field-group-field_719ed13 elementor-col-100 elementor-md-40 elementor-field-required elementor-mark-required\">\n\t\t\t\t\t\t\t\t\t\t\t\t<label for=\"form-field-field_719ed13\" class=\"elementor-field-label\">\n\t\t\t\t\t\t\t\tN\u00famero de tel\u00e9fono\t\t\t\t\t\t\t<\/label>\n\t\t\t\t\t\t\t\t<input size=\"1\" type=\"tel\" name=\"form_fields[field_719ed13]\" id=\"form-field-field_719ed13\" class=\"elementor-field elementor-size-md  elementor-field-textual\" required=\"required\" pattern=\"[0-9()#&amp;+*-=.]+\" title=\"Solo se aceptan n\u00fameros y caracteres de tel\u00e9fono (#,-,*,etc).\">\n\n\t\t\t\t\t\t<\/div>\n\t\t\t\t\t\t\t\t<div class=\"elementor-field-type-step elementor-field-group elementor-column elementor-field-group-field_d352465 elementor-col-100\">\n\t\t\t\t\t\t\t<div class=\"e-field-step elementor-hidden\" data-label=\"\" data-previousButton=\"\" data-nextButton=\"\" data-iconUrl=\"\" data-iconLibrary=\"fas fa-star\" data-icon=\"&lt;svg class=&quot;e-font-icon-svg e-fas-star&quot; viewBox=&quot;0 0 576 512&quot; xmlns=&quot;http:\/\/www.w3.org\/2000\/svg&quot;&gt;&lt;path d=&quot;M259.3 17.8L194 150.2 47.9 171.5c-26.2 3.8-36.7 36.1-17.7 54.6l105.7 103-25 145.5c-4.5 26.3 23.2 46 46.4 33.7L288 439.6l130.7 68.7c23.2 12.2 50.9-7.4 46.4-33.7l-25-145.5 105.7-103c19-18.5 8.5-50.8-17.7-54.6L382 150.2 316.7 17.8c-11.7-23.6-45.6-23.9-57.4 0z&quot;&gt;&lt;\/path&gt;&lt;\/svg&gt;\" ><\/div>\n\n\t\t\t\t\t\t<\/div>\n\t\t\t\t\t\t\t\t<div class=\"elementor-field-type-radio elementor-field-group elementor-column elementor-field-group-field_11c4280 elementor-col-100\">\n\t\t\t\t\t\t\t\t\t\t\t\t<label for=\"form-field-field_11c4280\" class=\"elementor-field-label\">\n\t\t\t\t\t\t\t\tMe pongo en contacto con Adelante en relaci\u00f3n con:\t\t\t\t\t\t\t<\/label>\n\t\t\t\t\t\t<div class=\"elementor-field-subgroup  \"><span class=\"elementor-field-option\"><input type=\"radio\" value=\"  Afiliaci\u00f3n\" id=\"form-field-field_11c4280-0\" name=\"form_fields[field_11c4280]\"> <label for=\"form-field-field_11c4280-0\">  Afiliaci\u00f3n<\/label><\/span><span class=\"elementor-field-option\"><input type=\"radio\" value=\" P\u00e1gina web\" id=\"form-field-field_11c4280-1\" name=\"form_fields[field_11c4280]\"> <label for=\"form-field-field_11c4280-1\"> P\u00e1gina web<\/label><\/span><span class=\"elementor-field-option\"><input type=\"radio\" value=\" Otros\" id=\"form-field-field_11c4280-2\" name=\"form_fields[field_11c4280]\"> <label for=\"form-field-field_11c4280-2\"> Otros<\/label><\/span><\/div>\t\t\t\t<\/div>\n\t\t\t\t\t\t\t\t<div class=\"elementor-field-type-text elementor-field-group elementor-column elementor-field-group-field_e85dfaa elementor-col-100\">\n\t\t\t\t\t\t\t\t\t\t\t\t<label for=\"form-field-field_e85dfaa\" class=\"elementor-field-label\">\n\t\t\t\t\t\t\t\tAsunto\t\t\t\t\t\t\t<\/label>\n\t\t\t\t\t\t\t\t\t\t\t\t\t\t<input size=\"1\" type=\"text\" name=\"form_fields[field_e85dfaa]\" id=\"form-field-field_e85dfaa\" class=\"elementor-field elementor-size-md  elementor-field-textual\">\n\t\t\t\t\t\t\t\t\t\t\t<\/div>\n\t\t\t\t\t\t\t\t<div class=\"elementor-field-type-textarea elementor-field-group elementor-column elementor-field-group-field_527b2dc elementor-col-100\">\n\t\t\t\t\t\t\t\t\t\t\t\t<label for=\"form-field-field_527b2dc\" class=\"elementor-field-label\">\n\t\t\t\t\t\t\t\tSu mensaje\t\t\t\t\t\t\t<\/label>\n\t\t\t\t\t\t<textarea class=\"elementor-field-textual elementor-field  elementor-size-md\" name=\"form_fields[field_527b2dc]\" id=\"form-field-field_527b2dc\" rows=\"4\"><\/textarea>\t\t\t\t<\/div>\n\t\t\t\t\t\t\t\t<div class=\"elementor-field-type-recaptcha_v3 elementor-field-group elementor-column elementor-field-group-field_fb0ecbb elementor-col-100 recaptcha_v3-bottomright\">\n\t\t\t\t\t<div class=\"elementor-field\" id=\"form-field-field_fb0ecbb\"><div class=\"elementor-g-recaptcha\" data-sitekey=\"6LcJES0qAAAAAC9cddd6reEZGSURLiWc4XQFIhkb\" data-type=\"v3\" data-action=\"Form\" data-badge=\"bottomright\" data-size=\"invisible\"><\/div><\/div>\t\t\t\t<\/div>\n\t\t\t\t\t\t\t\t<div class=\"elementor-field-group elementor-column elementor-field-type-submit elementor-col-100 e-form__buttons elementor-md-100\">\n\t\t\t\t\t<button class=\"elementor-button elementor-size-sm\" type=\"submit\">\n\t\t\t\t\t\t<span class=\"elementor-button-content-wrapper\">\n\t\t\t\t\t\t\t\t\t\t\t\t\t\t\t\t\t\t\t\t\t\t<span class=\"elementor-button-text\">HABLEMOS<\/span>\n\t\t\t\t\t\t\t\t\t\t\t\t\t<\/span>\n\t\t\t\t\t<\/button>\n\t\t\t\t<\/div>\n\t\t\t<\/div>\n\t\t<\/form>\n\t\t\t\t\t\t<\/div>\n\t\t\t\t<\/div>\n\t\t\t\t<div class=\"elementor-element elementor-element-5c3d0837 elementor-widget elementor-widget-image\" data-id=\"5c3d0837\" data-element_type=\"widget\" data-e-type=\"widget\" data-widget_type=\"image.default\">\n\t\t\t\t\t\t\t\t\t\t\t\t\t\t\t<img fetchpriority=\"high\" decoding=\"async\" width=\"800\" height=\"599\" src=\"https:\/\/adelantenc.org\/wp-content\/uploads\/2024\/02\/IMG_4752-Adriel-Orozco.png\" class=\"attachment-large size-large wp-image-1207\" alt=\"\" srcset=\"https:\/\/adelantenc.org\/wp-content\/uploads\/2024\/02\/IMG_4752-Adriel-Orozco.png 835w, https:\/\/adelantenc.org\/wp-content\/uploads\/2024\/02\/IMG_4752-Adriel-Orozco-300x225.png 300w, https:\/\/adelantenc.org\/wp-content\/uploads\/2024\/02\/IMG_4752-Adriel-Orozco-768x575.png 768w\" sizes=\"(max-width: 800px) 100vw, 800px\" \/>\t\t\t\t\t\t\t\t\t\t\t\t\t\t\t<\/div>\n\t\t\t\t<\/div>\n\t\t\t\t\t<\/div>\n\t\t\t\t<\/div>\n\t\t\t\t<\/div>\n\t\t","protected":false},"excerpt":{"rendered":"<p>Nos encantar\u00eda saber de usted P\u00f3ngase en contacto con nosotros<\/p>\n","protected":false},"author":1,"featured_media":0,"parent":0,"menu_order":0,"comment_status":"closed","ping_status":"closed","template":"","meta":{"_acf_changed":false,"_coblocks_attr":"","_coblocks_dimensions":"","_coblocks_responsive_height":"","_coblocks_accordion_ie_support":"","_price":"","_stock":"","_tribe_ticket_header":"","_tribe_default_ticket_provider":"","_tribe_ticket_capacity":"0","_ticket_start_date":"","_ticket_end_date":"","_tribe_ticket_show_description":"","_tribe_ticket_show_not_going":false,"_tribe_ticket_use_global_stock":"","_tribe_ticket_global_stock_level":"","_global_stock_mode":"","_global_stock_cap":"","_tribe_rsvp_for_event":"","_tribe_ticket_going_count":"","_tribe_ticket_not_going_count":"","_tribe_tickets_list":"[]","_tribe_ticket_has_attendee_info_fields":false,"footnotes":"","_tec_slr_enabled":"","_tec_slr_layout":""},"class_list":["post-1353","page","type-page","status-publish","hentry"],"acf":[],"yoast_head":"<!-- This site is optimized with the Yoast SEO plugin v27.6 - https:\/\/yoast.com\/product\/yoast-seo-wordpress\/ -->\n<title>P\u00f3ngase en contacto con | Adelante Education Coalition<\/title>\n<meta name=\"robots\" content=\"index, follow, max-snippet:-1, max-image-preview:large, max-video-preview:-1\" \/>\n<link rel=\"canonical\" href=\"https:\/\/adelantenc.org\/es\/pongase-en-contacto-con\/\" \/>\n<meta property=\"og:locale\" content=\"es_ES\" \/>\n<meta property=\"og:type\" content=\"article\" \/>\n<meta property=\"og:title\" content=\"P\u00f3ngase en contacto con | Adelante Education Coalition\" \/>\n<meta property=\"og:description\" content=\"Nos encantar\u00eda saber de usted P\u00f3ngase en contacto con nosotros\" \/>\n<meta property=\"og:url\" content=\"https:\/\/adelantenc.org\/es\/pongase-en-contacto-con\/\" \/>\n<meta property=\"og:site_name\" content=\"Adelante Education Coalition\" \/>\n<meta property=\"article:modified_time\" content=\"2024-10-31T16:08:39+00:00\" \/>\n<meta property=\"og:image\" content=\"https:\/\/adelantenc.org\/wp-content\/uploads\/2024\/02\/IMG_4752-Adriel-Orozco.png\" \/>\n\t<meta property=\"og:image:width\" content=\"835\" \/>\n\t<meta property=\"og:image:height\" content=\"625\" \/>\n\t<meta property=\"og:image:type\" content=\"image\/png\" \/>\n<meta name=\"twitter:card\" content=\"summary_large_image\" \/>\n<script type=\"application\/ld+json\" class=\"yoast-schema-graph\">{\"@context\":\"https:\\\/\\\/schema.org\",\"@graph\":[{\"@type\":\"WebPage\",\"@id\":\"https:\\\/\\\/adelantenc.org\\\/es\\\/pongase-en-contacto-con\\\/\",\"url\":\"https:\\\/\\\/adelantenc.org\\\/es\\\/pongase-en-contacto-con\\\/\",\"name\":\"P\u00f3ngase en contacto con | Adelante Education Coalition\",\"isPartOf\":{\"@id\":\"https:\\\/\\\/s6v.8e6.myftpupload.com\\\/#website\"},\"primaryImageOfPage\":{\"@id\":\"https:\\\/\\\/adelantenc.org\\\/es\\\/pongase-en-contacto-con\\\/#primaryimage\"},\"image\":{\"@id\":\"https:\\\/\\\/adelantenc.org\\\/es\\\/pongase-en-contacto-con\\\/#primaryimage\"},\"thumbnailUrl\":\"https:\\\/\\\/adelantenc.org\\\/wp-content\\\/uploads\\\/2024\\\/02\\\/IMG_4752-Adriel-Orozco.png\",\"datePublished\":\"2024-02-09T04:05:37+00:00\",\"dateModified\":\"2024-10-31T16:08:39+00:00\",\"breadcrumb\":{\"@id\":\"https:\\\/\\\/adelantenc.org\\\/es\\\/pongase-en-contacto-con\\\/#breadcrumb\"},\"inLanguage\":\"es\",\"potentialAction\":[{\"@type\":\"ReadAction\",\"target\":[\"https:\\\/\\\/adelantenc.org\\\/es\\\/pongase-en-contacto-con\\\/\"]}]},{\"@type\":\"ImageObject\",\"inLanguage\":\"es\",\"@id\":\"https:\\\/\\\/adelantenc.org\\\/es\\\/pongase-en-contacto-con\\\/#primaryimage\",\"url\":\"https:\\\/\\\/adelantenc.org\\\/wp-content\\\/uploads\\\/2024\\\/02\\\/IMG_4752-Adriel-Orozco.png\",\"contentUrl\":\"https:\\\/\\\/adelantenc.org\\\/wp-content\\\/uploads\\\/2024\\\/02\\\/IMG_4752-Adriel-Orozco.png\"},{\"@type\":\"BreadcrumbList\",\"@id\":\"https:\\\/\\\/adelantenc.org\\\/es\\\/pongase-en-contacto-con\\\/#breadcrumb\",\"itemListElement\":[{\"@type\":\"ListItem\",\"position\":1,\"name\":\"Home\",\"item\":\"https:\\\/\\\/adelantenc.org\\\/es\\\/inicio\\\/\"},{\"@type\":\"ListItem\",\"position\":2,\"name\":\"P\u00f3ngase en contacto con\"}]},{\"@type\":\"WebSite\",\"@id\":\"https:\\\/\\\/s6v.8e6.myftpupload.com\\\/#website\",\"url\":\"https:\\\/\\\/s6v.8e6.myftpupload.com\\\/\",\"name\":\"Adelante Education Coalition\",\"description\":\"Ahead Forward Onward\",\"publisher\":{\"@id\":\"https:\\\/\\\/s6v.8e6.myftpupload.com\\\/#organization\"},\"potentialAction\":[{\"@type\":\"SearchAction\",\"target\":{\"@type\":\"EntryPoint\",\"urlTemplate\":\"https:\\\/\\\/s6v.8e6.myftpupload.com\\\/?s={search_term_string}\"},\"query-input\":{\"@type\":\"PropertyValueSpecification\",\"valueRequired\":true,\"valueName\":\"search_term_string\"}}],\"inLanguage\":\"es\"},{\"@type\":\"Organization\",\"@id\":\"https:\\\/\\\/s6v.8e6.myftpupload.com\\\/#organization\",\"name\":\"Adelante Education Coalition\",\"url\":\"https:\\\/\\\/s6v.8e6.myftpupload.com\\\/\",\"logo\":{\"@type\":\"ImageObject\",\"inLanguage\":\"es\",\"@id\":\"https:\\\/\\\/s6v.8e6.myftpupload.com\\\/#\\\/schema\\\/logo\\\/image\\\/\",\"url\":\"https:\\\/\\\/adelantenc.org\\\/wp-content\\\/uploads\\\/2024\\\/01\\\/Adelante_Orange.webp\",\"contentUrl\":\"https:\\\/\\\/adelantenc.org\\\/wp-content\\\/uploads\\\/2024\\\/01\\\/Adelante_Orange.webp\",\"width\":1016,\"height\":836,\"caption\":\"Adelante Education Coalition\"},\"image\":{\"@id\":\"https:\\\/\\\/s6v.8e6.myftpupload.com\\\/#\\\/schema\\\/logo\\\/image\\\/\"}}]}<\/script>\n<!-- \/ Yoast SEO plugin. -->","yoast_head_json":{"title":"P\u00f3ngase en contacto con | Adelante Education Coalition","robots":{"index":"index","follow":"follow","max-snippet":"max-snippet:-1","max-image-preview":"max-image-preview:large","max-video-preview":"max-video-preview:-1"},"canonical":"https:\/\/adelantenc.org\/es\/pongase-en-contacto-con\/","og_locale":"es_ES","og_type":"article","og_title":"P\u00f3ngase en contacto con | Adelante Education Coalition","og_description":"Nos encantar\u00eda saber de usted P\u00f3ngase en contacto con nosotros","og_url":"https:\/\/adelantenc.org\/es\/pongase-en-contacto-con\/","og_site_name":"Adelante Education Coalition","article_modified_time":"2024-10-31T16:08:39+00:00","og_image":[{"width":835,"height":625,"url":"https:\/\/adelantenc.org\/wp-content\/uploads\/2024\/02\/IMG_4752-Adriel-Orozco.png","type":"image\/png"}],"twitter_card":"summary_large_image","schema":{"@context":"https:\/\/schema.org","@graph":[{"@type":"WebPage","@id":"https:\/\/adelantenc.org\/es\/pongase-en-contacto-con\/","url":"https:\/\/adelantenc.org\/es\/pongase-en-contacto-con\/","name":"P\u00f3ngase en contacto con | Adelante Education Coalition","isPartOf":{"@id":"https:\/\/s6v.8e6.myftpupload.com\/#website"},"primaryImageOfPage":{"@id":"https:\/\/adelantenc.org\/es\/pongase-en-contacto-con\/#primaryimage"},"image":{"@id":"https:\/\/adelantenc.org\/es\/pongase-en-contacto-con\/#primaryimage"},"thumbnailUrl":"https:\/\/adelantenc.org\/wp-content\/uploads\/2024\/02\/IMG_4752-Adriel-Orozco.png","datePublished":"2024-02-09T04:05:37+00:00","dateModified":"2024-10-31T16:08:39+00:00","breadcrumb":{"@id":"https:\/\/adelantenc.org\/es\/pongase-en-contacto-con\/#breadcrumb"},"inLanguage":"es","potentialAction":[{"@type":"ReadAction","target":["https:\/\/adelantenc.org\/es\/pongase-en-contacto-con\/"]}]},{"@type":"ImageObject","inLanguage":"es","@id":"https:\/\/adelantenc.org\/es\/pongase-en-contacto-con\/#primaryimage","url":"https:\/\/adelantenc.org\/wp-content\/uploads\/2024\/02\/IMG_4752-Adriel-Orozco.png","contentUrl":"https:\/\/adelantenc.org\/wp-content\/uploads\/2024\/02\/IMG_4752-Adriel-Orozco.png"},{"@type":"BreadcrumbList","@id":"https:\/\/adelantenc.org\/es\/pongase-en-contacto-con\/#breadcrumb","itemListElement":[{"@type":"ListItem","position":1,"name":"Home","item":"https:\/\/adelantenc.org\/es\/inicio\/"},{"@type":"ListItem","position":2,"name":"P\u00f3ngase en contacto con"}]},{"@type":"WebSite","@id":"https:\/\/s6v.8e6.myftpupload.com\/#website","url":"https:\/\/s6v.8e6.myftpupload.com\/","name":"Adelante Education Coalition","description":"Ahead Forward Onward","publisher":{"@id":"https:\/\/s6v.8e6.myftpupload.com\/#organization"},"potentialAction":[{"@type":"SearchAction","target":{"@type":"EntryPoint","urlTemplate":"https:\/\/s6v.8e6.myftpupload.com\/?s={search_term_string}"},"query-input":{"@type":"PropertyValueSpecification","valueRequired":true,"valueName":"search_term_string"}}],"inLanguage":"es"},{"@type":"Organization","@id":"https:\/\/s6v.8e6.myftpupload.com\/#organization","name":"Adelante Education Coalition","url":"https:\/\/s6v.8e6.myftpupload.com\/","logo":{"@type":"ImageObject","inLanguage":"es","@id":"https:\/\/s6v.8e6.myftpupload.com\/#\/schema\/logo\/image\/","url":"https:\/\/adelantenc.org\/wp-content\/uploads\/2024\/01\/Adelante_Orange.webp","contentUrl":"https:\/\/adelantenc.org\/wp-content\/uploads\/2024\/01\/Adelante_Orange.webp","width":1016,"height":836,"caption":"Adelante Education Coalition"},"image":{"@id":"https:\/\/s6v.8e6.myftpupload.com\/#\/schema\/logo\/image\/"}}]}},"ticketed":false,"_links":{"self":[{"href":"https:\/\/adelantenc.org\/es\/wp-json\/wp\/v2\/pages\/1353","targetHints":{"allow":["GET"]}}],"collection":[{"href":"https:\/\/adelantenc.org\/es\/wp-json\/wp\/v2\/pages"}],"about":[{"href":"https:\/\/adelantenc.org\/es\/wp-json\/wp\/v2\/types\/page"}],"author":[{"embeddable":true,"href":"https:\/\/adelantenc.org\/es\/wp-json\/wp\/v2\/users\/1"}],"replies":[{"embeddable":true,"href":"https:\/\/adelantenc.org\/es\/wp-json\/wp\/v2\/comments?post=1353"}],"version-history":[{"count":4,"href":"https:\/\/adelantenc.org\/es\/wp-json\/wp\/v2\/pages\/1353\/revisions"}],"predecessor-version":[{"id":1482,"href":"https:\/\/adelantenc.org\/es\/wp-json\/wp\/v2\/pages\/1353\/revisions\/1482"}],"wp:attachment":[{"href":"https:\/\/adelantenc.org\/es\/wp-json\/wp\/v2\/media?parent=1353"}],"curies":[{"name":"wp","href":"https:\/\/api.w.org\/{rel}","templated":true}]}}