{"id":1368,"date":"2024-03-12T03:09:16","date_gmt":"2024-03-12T07:09:16","guid":{"rendered":"https:\/\/s6v.8e6.myftpupload.com\/recursos\/"},"modified":"2024-03-20T02:08:18","modified_gmt":"2024-03-20T02:08:18","slug":"recursos","status":"publish","type":"page","link":"https:\/\/adelantenc.org\/es\/recursos\/","title":{"rendered":"Recursos"},"content":{"rendered":"\t\t<div data-elementor-type=\"wp-page\" data-elementor-id=\"1368\" class=\"elementor elementor-1368 elementor-1128\" data-elementor-post-type=\"page\">\n\t\t\t\t<div class=\"elementor-element elementor-element-8e40bb3 e-flex e-con-boxed e-con e-parent\" data-id=\"8e40bb3\" data-element_type=\"container\" data-e-type=\"container\">\n\t\t\t\t\t<div class=\"e-con-inner\">\n\t\t<a class=\"elementor-element elementor-element-bfce065 e-con-full e-flex e-con e-child\" data-id=\"bfce065\" data-element_type=\"container\" data-e-type=\"container\" data-settings=\"{&quot;background_background&quot;:&quot;classic&quot;}\" href=\"https:\/\/adelantenc.org\/es\/recursos\/\">\n\t\t\t\t<div class=\"elementor-element elementor-element-dd2dc53 elementor-widget elementor-widget-heading\" data-id=\"dd2dc53\" data-element_type=\"widget\" data-e-type=\"widget\" data-widget_type=\"heading.default\">\n\t\t\t\t\t<h2 class=\"elementor-heading-title elementor-size-default\">Atenci\u00f3n: Escuelas con \u00e1nimo de lucro<\/h2>\t\t\t\t<\/div>\n\t\t\t\t<div class=\"elementor-element elementor-element-8036d8c elementor-widget elementor-widget-text-editor\" data-id=\"8036d8c\" data-element_type=\"widget\" data-e-type=\"widget\" data-widget_type=\"text-editor.default\">\n\t\t\t\t\t\t\t\t\t<p>Sepa en qu\u00e9 se est\u00e1 metiendo con las escuelas con \u00e1nimo de lucro y sepa a qui\u00e9n dirigirse si tiene alg\u00fan problema con una escuela con \u00e1nimo de lucro.<\/p>\n<p class=\"resource-lang\">Idioma: Ingl\u00e9s<\/p>\n\t\t\t\t\t\t\t\t<\/div>\n\t\t\t\t<div class=\"elementor-element elementor-element-0a1da0e elementor-widget elementor-widget-button\" data-id=\"0a1da0e\" data-element_type=\"widget\" data-e-type=\"widget\" data-widget_type=\"button.default\">\n\t\t\t\t\t\t\t\t\t\t<a class=\"elementor-button elementor-button-link elementor-size-sm\" href=\"#\">\n\t\t\t\t\t\t<span class=\"elementor-button-content-wrapper\">\n\t\t\t\t\t\t\t\t\t<span class=\"elementor-button-text\">Descargar<\/span>\n\t\t\t\t\t<\/span>\n\t\t\t\t\t<\/a>\n\t\t\t\t\t\t\t\t<\/div>\n\t\t\t\t<\/a>\n\t\t<a class=\"elementor-element elementor-element-fbadbf2 e-con-full e-flex e-con e-child\" data-id=\"fbadbf2\" data-element_type=\"container\" data-e-type=\"container\" data-settings=\"{&quot;background_background&quot;:&quot;classic&quot;}\" href=\"https:\/\/adelantenc.org\/es\/recursos\/\">\n\t\t\t\t<div class=\"elementor-element elementor-element-59f983c elementor-widget elementor-widget-heading\" data-id=\"59f983c\" data-element_type=\"widget\" data-e-type=\"widget\" data-widget_type=\"heading.default\">\n\t\t\t\t\t<h2 class=\"elementor-heading-title elementor-size-default\">Atenci\u00f3n: Escuelas con \u00e1nimo de lucro<\/h2>\t\t\t\t<\/div>\n\t\t\t\t<div class=\"elementor-element elementor-element-a2baaa0 elementor-widget elementor-widget-text-editor\" data-id=\"a2baaa0\" data-element_type=\"widget\" data-e-type=\"widget\" data-widget_type=\"text-editor.default\">\n\t\t\t\t\t\t\t\t\t<p>Sepa en qu\u00e9 se est\u00e1 metiendo con las escuelas con \u00e1nimo de lucro y sepa a qui\u00e9n dirigirse si tiene alg\u00fan problema con una escuela con \u00e1nimo de lucro.<\/p>\n<p class=\"resource-lang\">Idioma: Ingl\u00e9s<\/p>\n\t\t\t\t\t\t\t\t<\/div>\n\t\t\t\t<div class=\"elementor-element elementor-element-d2a62c5 elementor-widget elementor-widget-button\" data-id=\"d2a62c5\" data-element_type=\"widget\" data-e-type=\"widget\" data-widget_type=\"button.default\">\n\t\t\t\t\t\t\t\t\t\t<a class=\"elementor-button elementor-button-link elementor-size-sm\" href=\"#\">\n\t\t\t\t\t\t<span class=\"elementor-button-content-wrapper\">\n\t\t\t\t\t\t\t\t\t<span class=\"elementor-button-text\">Descargar<\/span>\n\t\t\t\t\t<\/span>\n\t\t\t\t\t<\/a>\n\t\t\t\t\t\t\t\t<\/div>\n\t\t\t\t<\/a>\n\t\t<a class=\"elementor-element elementor-element-556045d e-con-full e-flex e-con e-child\" data-id=\"556045d\" data-element_type=\"container\" data-e-type=\"container\" data-settings=\"{&quot;background_background&quot;:&quot;classic&quot;}\" href=\"https:\/\/adelantenc.org\/es\/recursos\/\">\n\t\t\t\t<div class=\"elementor-element elementor-element-245297c elementor-widget elementor-widget-heading\" data-id=\"245297c\" data-element_type=\"widget\" data-e-type=\"widget\" data-widget_type=\"heading.default\">\n\t\t\t\t\t<h2 class=\"elementor-heading-title elementor-size-default\">Atenci\u00f3n: Escuelas con \u00e1nimo de lucro<\/h2>\t\t\t\t<\/div>\n\t\t\t\t<div class=\"elementor-element elementor-element-5c79f45 elementor-widget elementor-widget-text-editor\" data-id=\"5c79f45\" data-element_type=\"widget\" data-e-type=\"widget\" data-widget_type=\"text-editor.default\">\n\t\t\t\t\t\t\t\t\t<p>Sepa en qu\u00e9 se est\u00e1 metiendo con las escuelas con \u00e1nimo de lucro y sepa a qui\u00e9n dirigirse si tiene alg\u00fan problema con una escuela con \u00e1nimo de lucro.<\/p>\n<p class=\"resource-lang\">Idioma: Ingl\u00e9s<\/p>\n\t\t\t\t\t\t\t\t<\/div>\n\t\t\t\t<div class=\"elementor-element elementor-element-e707833 elementor-widget elementor-widget-button\" data-id=\"e707833\" data-element_type=\"widget\" data-e-type=\"widget\" data-widget_type=\"button.default\">\n\t\t\t\t\t\t\t\t\t\t<a class=\"elementor-button elementor-button-link elementor-size-sm\" href=\"#\">\n\t\t\t\t\t\t<span class=\"elementor-button-content-wrapper\">\n\t\t\t\t\t\t\t\t\t<span class=\"elementor-button-text\">Descargar<\/span>\n\t\t\t\t\t<\/span>\n\t\t\t\t\t<\/a>\n\t\t\t\t\t\t\t\t<\/div>\n\t\t\t\t<\/a>\n\t\t\t\t\t<\/div>\n\t\t\t\t<\/div>\n\t\t\t\t<\/div>\n\t\t","protected":false},"excerpt":{"rendered":"<p>Atenci\u00f3n: Escuelas con \u00e1nimo de lucro Sepa en qu\u00e9 se est\u00e1 metiendo con las escuelas con \u00e1nimo de lucro y sepa a qui\u00e9n dirigirse si tiene alg\u00fan problema con una [&hellip;]<\/p>\n","protected":false},"author":1,"featured_media":0,"parent":0,"menu_order":0,"comment_status":"closed","ping_status":"closed","template":"","meta":{"_acf_changed":false,"_coblocks_attr":"","_coblocks_dimensions":"","_coblocks_responsive_height":"","_coblocks_accordion_ie_support":"","_price":"","_stock":"","_tribe_ticket_header":"","_tribe_default_ticket_provider":"","_tribe_ticket_capacity":"0","_ticket_start_date":"","_ticket_end_date":"","_tribe_ticket_show_description":"","_tribe_ticket_show_not_going":false,"_tribe_ticket_use_global_stock":"","_tribe_ticket_global_stock_level":"","_global_stock_mode":"","_global_stock_cap":"","_tribe_rsvp_for_event":"","_tribe_ticket_going_count":"","_tribe_ticket_not_going_count":"","_tribe_tickets_list":"[]","_tribe_ticket_has_attendee_info_fields":false,"footnotes":"","_tec_slr_enabled":"","_tec_slr_layout":""},"class_list":["post-1368","page","type-page","status-publish","hentry"],"acf":[],"yoast_head":"<!-- This site is optimized with the Yoast SEO plugin v27.6 - https:\/\/yoast.com\/product\/yoast-seo-wordpress\/ -->\n<title>Recursos | Adelante Education Coalition<\/title>\n<meta name=\"robots\" content=\"index, follow, max-snippet:-1, max-image-preview:large, max-video-preview:-1\" \/>\n<link rel=\"canonical\" href=\"https:\/\/adelantenc.org\/es\/recursos\/\" \/>\n<meta property=\"og:locale\" content=\"es_ES\" \/>\n<meta property=\"og:type\" content=\"article\" \/>\n<meta property=\"og:title\" content=\"Recursos | Adelante Education Coalition\" \/>\n<meta property=\"og:description\" content=\"Atenci\u00f3n: Escuelas con \u00e1nimo de lucro Sepa en qu\u00e9 se est\u00e1 metiendo con las escuelas con \u00e1nimo de lucro y sepa a qui\u00e9n dirigirse si tiene alg\u00fan problema con una [&hellip;]\" \/>\n<meta property=\"og:url\" content=\"https:\/\/adelantenc.org\/es\/recursos\/\" \/>\n<meta property=\"og:site_name\" content=\"Adelante Education Coalition\" \/>\n<meta property=\"article:modified_time\" content=\"2024-03-20T02:08:18+00:00\" \/>\n<meta property=\"og:image\" content=\"https:\/\/adelantenc.org\/wp-content\/uploads\/2024\/02\/Group-22-copy.webp\" \/>\n\t<meta property=\"og:image:width\" content=\"1920\" \/>\n\t<meta property=\"og:image:height\" content=\"1111\" \/>\n\t<meta property=\"og:image:type\" content=\"image\/webp\" \/>\n<meta name=\"twitter:card\" content=\"summary_large_image\" \/>\n<meta name=\"twitter:label1\" content=\"Tiempo de lectura\" \/>\n\t<meta name=\"twitter:data1\" content=\"1 minuto\" \/>\n<script type=\"application\/ld+json\" class=\"yoast-schema-graph\">{\"@context\":\"https:\\\/\\\/schema.org\",\"@graph\":[{\"@type\":\"WebPage\",\"@id\":\"https:\\\/\\\/adelantenc.org\\\/es\\\/recursos\\\/\",\"url\":\"https:\\\/\\\/adelantenc.org\\\/es\\\/recursos\\\/\",\"name\":\"Recursos | Adelante Education Coalition\",\"isPartOf\":{\"@id\":\"https:\\\/\\\/s6v.8e6.myftpupload.com\\\/#website\"},\"datePublished\":\"2024-03-12T07:09:16+00:00\",\"dateModified\":\"2024-03-20T02:08:18+00:00\",\"breadcrumb\":{\"@id\":\"https:\\\/\\\/adelantenc.org\\\/es\\\/recursos\\\/#breadcrumb\"},\"inLanguage\":\"es\",\"potentialAction\":[{\"@type\":\"ReadAction\",\"target\":[\"https:\\\/\\\/adelantenc.org\\\/es\\\/recursos\\\/\"]}]},{\"@type\":\"BreadcrumbList\",\"@id\":\"https:\\\/\\\/adelantenc.org\\\/es\\\/recursos\\\/#breadcrumb\",\"itemListElement\":[{\"@type\":\"ListItem\",\"position\":1,\"name\":\"Home\",\"item\":\"https:\\\/\\\/adelantenc.org\\\/es\\\/inicio\\\/\"},{\"@type\":\"ListItem\",\"position\":2,\"name\":\"Recursos\"}]},{\"@type\":\"WebSite\",\"@id\":\"https:\\\/\\\/s6v.8e6.myftpupload.com\\\/#website\",\"url\":\"https:\\\/\\\/s6v.8e6.myftpupload.com\\\/\",\"name\":\"Adelante Education Coalition\",\"description\":\"Ahead Forward Onward\",\"publisher\":{\"@id\":\"https:\\\/\\\/s6v.8e6.myftpupload.com\\\/#organization\"},\"potentialAction\":[{\"@type\":\"SearchAction\",\"target\":{\"@type\":\"EntryPoint\",\"urlTemplate\":\"https:\\\/\\\/s6v.8e6.myftpupload.com\\\/?s={search_term_string}\"},\"query-input\":{\"@type\":\"PropertyValueSpecification\",\"valueRequired\":true,\"valueName\":\"search_term_string\"}}],\"inLanguage\":\"es\"},{\"@type\":\"Organization\",\"@id\":\"https:\\\/\\\/s6v.8e6.myftpupload.com\\\/#organization\",\"name\":\"Adelante Education Coalition\",\"url\":\"https:\\\/\\\/s6v.8e6.myftpupload.com\\\/\",\"logo\":{\"@type\":\"ImageObject\",\"inLanguage\":\"es\",\"@id\":\"https:\\\/\\\/s6v.8e6.myftpupload.com\\\/#\\\/schema\\\/logo\\\/image\\\/\",\"url\":\"https:\\\/\\\/adelantenc.org\\\/wp-content\\\/uploads\\\/2024\\\/01\\\/Adelante_Orange.webp\",\"contentUrl\":\"https:\\\/\\\/adelantenc.org\\\/wp-content\\\/uploads\\\/2024\\\/01\\\/Adelante_Orange.webp\",\"width\":1016,\"height\":836,\"caption\":\"Adelante Education Coalition\"},\"image\":{\"@id\":\"https:\\\/\\\/s6v.8e6.myftpupload.com\\\/#\\\/schema\\\/logo\\\/image\\\/\"}}]}<\/script>\n<!-- \/ Yoast SEO plugin. -->","yoast_head_json":{"title":"Recursos | Adelante Education Coalition","robots":{"index":"index","follow":"follow","max-snippet":"max-snippet:-1","max-image-preview":"max-image-preview:large","max-video-preview":"max-video-preview:-1"},"canonical":"https:\/\/adelantenc.org\/es\/recursos\/","og_locale":"es_ES","og_type":"article","og_title":"Recursos | Adelante Education Coalition","og_description":"Atenci\u00f3n: Escuelas con \u00e1nimo de lucro Sepa en qu\u00e9 se est\u00e1 metiendo con las escuelas con \u00e1nimo de lucro y sepa a qui\u00e9n dirigirse si tiene alg\u00fan problema con una [&hellip;]","og_url":"https:\/\/adelantenc.org\/es\/recursos\/","og_site_name":"Adelante Education Coalition","article_modified_time":"2024-03-20T02:08:18+00:00","og_image":[{"width":1920,"height":1111,"url":"https:\/\/adelantenc.org\/wp-content\/uploads\/2024\/02\/Group-22-copy.webp","type":"image\/webp"}],"twitter_card":"summary_large_image","twitter_misc":{"Tiempo de lectura":"1 minuto"},"schema":{"@context":"https:\/\/schema.org","@graph":[{"@type":"WebPage","@id":"https:\/\/adelantenc.org\/es\/recursos\/","url":"https:\/\/adelantenc.org\/es\/recursos\/","name":"Recursos | Adelante Education Coalition","isPartOf":{"@id":"https:\/\/s6v.8e6.myftpupload.com\/#website"},"datePublished":"2024-03-12T07:09:16+00:00","dateModified":"2024-03-20T02:08:18+00:00","breadcrumb":{"@id":"https:\/\/adelantenc.org\/es\/recursos\/#breadcrumb"},"inLanguage":"es","potentialAction":[{"@type":"ReadAction","target":["https:\/\/adelantenc.org\/es\/recursos\/"]}]},{"@type":"BreadcrumbList","@id":"https:\/\/adelantenc.org\/es\/recursos\/#breadcrumb","itemListElement":[{"@type":"ListItem","position":1,"name":"Home","item":"https:\/\/adelantenc.org\/es\/inicio\/"},{"@type":"ListItem","position":2,"name":"Recursos"}]},{"@type":"WebSite","@id":"https:\/\/s6v.8e6.myftpupload.com\/#website","url":"https:\/\/s6v.8e6.myftpupload.com\/","name":"Adelante Education Coalition","description":"Ahead Forward Onward","publisher":{"@id":"https:\/\/s6v.8e6.myftpupload.com\/#organization"},"potentialAction":[{"@type":"SearchAction","target":{"@type":"EntryPoint","urlTemplate":"https:\/\/s6v.8e6.myftpupload.com\/?s={search_term_string}"},"query-input":{"@type":"PropertyValueSpecification","valueRequired":true,"valueName":"search_term_string"}}],"inLanguage":"es"},{"@type":"Organization","@id":"https:\/\/s6v.8e6.myftpupload.com\/#organization","name":"Adelante Education Coalition","url":"https:\/\/s6v.8e6.myftpupload.com\/","logo":{"@type":"ImageObject","inLanguage":"es","@id":"https:\/\/s6v.8e6.myftpupload.com\/#\/schema\/logo\/image\/","url":"https:\/\/adelantenc.org\/wp-content\/uploads\/2024\/01\/Adelante_Orange.webp","contentUrl":"https:\/\/adelantenc.org\/wp-content\/uploads\/2024\/01\/Adelante_Orange.webp","width":1016,"height":836,"caption":"Adelante Education Coalition"},"image":{"@id":"https:\/\/s6v.8e6.myftpupload.com\/#\/schema\/logo\/image\/"}}]}},"ticketed":false,"_links":{"self":[{"href":"https:\/\/adelantenc.org\/es\/wp-json\/wp\/v2\/pages\/1368","targetHints":{"allow":["GET"]}}],"collection":[{"href":"https:\/\/adelantenc.org\/es\/wp-json\/wp\/v2\/pages"}],"about":[{"href":"https:\/\/adelantenc.org\/es\/wp-json\/wp\/v2\/types\/page"}],"author":[{"embeddable":true,"href":"https:\/\/adelantenc.org\/es\/wp-json\/wp\/v2\/users\/1"}],"replies":[{"embeddable":true,"href":"https:\/\/adelantenc.org\/es\/wp-json\/wp\/v2\/comments?post=1368"}],"version-history":[{"count":3,"href":"https:\/\/adelantenc.org\/es\/wp-json\/wp\/v2\/pages\/1368\/revisions"}],"predecessor-version":[{"id":1371,"href":"https:\/\/adelantenc.org\/es\/wp-json\/wp\/v2\/pages\/1368\/revisions\/1371"}],"wp:attachment":[{"href":"https:\/\/adelantenc.org\/es\/wp-json\/wp\/v2\/media?parent=1368"}],"curies":[{"name":"wp","href":"https:\/\/api.w.org\/{rel}","templated":true}]}}